{"id":3162,"date":"2012-11-28T19:37:42","date_gmt":"2012-11-28T18:37:42","guid":{"rendered":"http:\/\/www.theartdigger.com\/about-me-2"},"modified":"2018-11-25T03:36:44","modified_gmt":"2018-11-25T02:36:44","slug":"about-me","status":"publish","type":"page","link":"https:\/\/www.theartdigger.com\/es\/about-me","title":{"rendered":"About me"},"content":{"rendered":"<p><a href=\"https:\/\/www.theartdigger.com\/wp-content\/uploads\/2018\/11\/fotocarnet.jpg\"><img decoding=\"async\" loading=\"lazy\" class=\"alignleft wp-image-4218 size-thumbnail\" src=\"https:\/\/www.theartdigger.com\/wp-content\/uploads\/2018\/11\/fotocarnet-150x150.jpg\" alt=\"\" width=\"150\" height=\"150\" srcset=\"https:\/\/www.theartdigger.com\/wp-content\/uploads\/2018\/11\/fotocarnet-150x150.jpg 150w, https:\/\/www.theartdigger.com\/wp-content\/uploads\/2018\/11\/fotocarnet-90x90.jpg 90w\" sizes=\"auto, (max-width: 150px) 100vw, 150px\" \/><\/a>Mi formaci\u00f3n profesional es como qu\u00edmico y como artista, ambas especialidades desarrolladas en la Universidad complutense de Madrid. Mi pasi\u00f3n principal es el Arte, una atracci\u00f3n natural que\u00a0se remonta a mis primeros a\u00f1os escolares. Soy un lector compulsivo y sufro una curiosidad infinita que me ha hecho explorar de modo arbitrario e intermitente otros campos tan diferentes como la escritura, la m\u00fasica, la carpinter\u00eda, la luther\u00eda, la pesca, la econom\u00eda o las nuevas tecnolog\u00edas.<\/p>\n<p>Hace unos a\u00f1os decid\u00ed comenzar a escribir sobre Arte y a organizar Talleres con artistas. The Art Digger es el resultado de mi prop\u00f3sito, como artista amante de la pintura, de compartir conocimiento de lo que yo considero &#8220;Buen Arte&#8221;.<\/p>\n<p>Siempre he cre\u00eddo que para entender de algo hay que vivirlo desde dentro; para entender de pintura hay que pintar y mancharse la ropa. \u00c9ste Blog te invita a conocer y a practicar pintura. Vivir el arte desde dentro, verte reflejado afrontando los mismos problemas y las mismas preguntas universales que todos los artistas nos hacemos y eventualmente, encontrar algunas respuestas.<\/p>\n<p>&nbsp;<\/p>\n","protected":false},"excerpt":{"rendered":"<p>Mi formaci\u00f3n profesional es como qu\u00edmico y como artista, ambas especialidades desarrolladas en la Universidad complutense de Madrid. Mi pasi\u00f3n principal es el Arte, una atracci\u00f3n natural que\u00a0se remonta a mis primeros a\u00f1os escolares. Soy un lector compulsivo y sufro una curiosidad infinita que me ha hecho explorar de modo arbitrario e intermitente otros campos&#8230;<\/p>\n","protected":false},"author":1,"featured_media":0,"parent":0,"menu_order":0,"comment_status":"open","ping_status":"closed","template":"","meta":{"nf_dc_page":"","footnotes":""},"class_list":["post-3162","page","type-page","status-publish","hentry"],"yoast_head":"<!-- This site is optimized with the Yoast SEO plugin v26.9 - https:\/\/yoast.com\/product\/yoast-seo-wordpress\/ -->\n<title>About me - The Art Digger<\/title>\n<meta name=\"robots\" content=\"index, follow, max-snippet:-1, max-image-preview:large, max-video-preview:-1\" \/>\n<link rel=\"canonical\" href=\"https:\/\/www.theartdigger.com\/es\/about-me\" \/>\n<meta property=\"og:locale\" content=\"es_ES\" \/>\n<meta property=\"og:type\" content=\"article\" \/>\n<meta property=\"og:title\" content=\"About me - The Art Digger\" \/>\n<meta property=\"og:description\" content=\"Mi formaci\u00f3n profesional es como qu\u00edmico y como artista, ambas especialidades desarrolladas en la Universidad complutense de Madrid. Mi pasi\u00f3n principal es el Arte, una atracci\u00f3n natural que\u00a0se remonta a mis primeros a\u00f1os escolares. Soy un lector compulsivo y sufro una curiosidad infinita que me ha hecho explorar de modo arbitrario e intermitente otros campos...\" \/>\n<meta property=\"og:url\" content=\"https:\/\/www.theartdigger.com\/es\/about-me\" \/>\n<meta property=\"og:site_name\" content=\"The Art Digger\" \/>\n<meta property=\"article:modified_time\" content=\"2018-11-25T02:36:44+00:00\" \/>\n<meta property=\"og:image\" content=\"https:\/\/www.theartdigger.com\/wp-content\/uploads\/2018\/11\/fotocarnet-150x150.jpg\" \/>\n<meta name=\"twitter:label1\" content=\"Tiempo de lectura\" \/>\n\t<meta name=\"twitter:data1\" content=\"1 minuto\" \/>\n<script type=\"application\/ld+json\" class=\"yoast-schema-graph\">{\"@context\":\"https:\/\/schema.org\",\"@graph\":[{\"@type\":\"WebPage\",\"@id\":\"https:\/\/www.theartdigger.com\/es\/about-me\",\"url\":\"https:\/\/www.theartdigger.com\/es\/about-me\",\"name\":\"About me - The Art Digger\",\"isPartOf\":{\"@id\":\"https:\/\/www.theartdigger.com\/es\/#website\"},\"primaryImageOfPage\":{\"@id\":\"https:\/\/www.theartdigger.com\/es\/about-me#primaryimage\"},\"image\":{\"@id\":\"https:\/\/www.theartdigger.com\/es\/about-me#primaryimage\"},\"thumbnailUrl\":\"https:\/\/www.theartdigger.com\/wp-content\/uploads\/2018\/11\/fotocarnet-150x150.jpg\",\"datePublished\":\"2012-11-28T18:37:42+00:00\",\"dateModified\":\"2018-11-25T02:36:44+00:00\",\"inLanguage\":\"es\",\"potentialAction\":[{\"@type\":\"ReadAction\",\"target\":[\"https:\/\/www.theartdigger.com\/es\/about-me\"]}]},{\"@type\":\"ImageObject\",\"inLanguage\":\"es\",\"@id\":\"https:\/\/www.theartdigger.com\/es\/about-me#primaryimage\",\"url\":\"https:\/\/www.theartdigger.com\/wp-content\/uploads\/2018\/11\/fotocarnet-150x150.jpg\",\"contentUrl\":\"https:\/\/www.theartdigger.com\/wp-content\/uploads\/2018\/11\/fotocarnet-150x150.jpg\"},{\"@type\":\"WebSite\",\"@id\":\"https:\/\/www.theartdigger.com\/es\/#website\",\"url\":\"https:\/\/www.theartdigger.com\/es\/\",\"name\":\"The Art Digger\",\"description\":\"Sharing Good Art &amp; Knowledge\",\"potentialAction\":[{\"@type\":\"SearchAction\",\"target\":{\"@type\":\"EntryPoint\",\"urlTemplate\":\"https:\/\/www.theartdigger.com\/es\/?s={search_term_string}\"},\"query-input\":{\"@type\":\"PropertyValueSpecification\",\"valueRequired\":true,\"valueName\":\"search_term_string\"}}],\"inLanguage\":\"es\"}]}<\/script>\n<!-- \/ Yoast SEO plugin. -->","yoast_head_json":{"title":"About me - The Art Digger","robots":{"index":"index","follow":"follow","max-snippet":"max-snippet:-1","max-image-preview":"max-image-preview:large","max-video-preview":"max-video-preview:-1"},"canonical":"https:\/\/www.theartdigger.com\/es\/about-me","og_locale":"es_ES","og_type":"article","og_title":"About me - The Art Digger","og_description":"Mi formaci\u00f3n profesional es como qu\u00edmico y como artista, ambas especialidades desarrolladas en la Universidad complutense de Madrid. Mi pasi\u00f3n principal es el Arte, una atracci\u00f3n natural que\u00a0se remonta a mis primeros a\u00f1os escolares. Soy un lector compulsivo y sufro una curiosidad infinita que me ha hecho explorar de modo arbitrario e intermitente otros campos...","og_url":"https:\/\/www.theartdigger.com\/es\/about-me","og_site_name":"The Art Digger","article_modified_time":"2018-11-25T02:36:44+00:00","og_image":[{"url":"https:\/\/www.theartdigger.com\/wp-content\/uploads\/2018\/11\/fotocarnet-150x150.jpg","type":"","width":"","height":""}],"twitter_misc":{"Tiempo de lectura":"1 minuto"},"schema":{"@context":"https:\/\/schema.org","@graph":[{"@type":"WebPage","@id":"https:\/\/www.theartdigger.com\/es\/about-me","url":"https:\/\/www.theartdigger.com\/es\/about-me","name":"About me - The Art Digger","isPartOf":{"@id":"https:\/\/www.theartdigger.com\/es\/#website"},"primaryImageOfPage":{"@id":"https:\/\/www.theartdigger.com\/es\/about-me#primaryimage"},"image":{"@id":"https:\/\/www.theartdigger.com\/es\/about-me#primaryimage"},"thumbnailUrl":"https:\/\/www.theartdigger.com\/wp-content\/uploads\/2018\/11\/fotocarnet-150x150.jpg","datePublished":"2012-11-28T18:37:42+00:00","dateModified":"2018-11-25T02:36:44+00:00","inLanguage":"es","potentialAction":[{"@type":"ReadAction","target":["https:\/\/www.theartdigger.com\/es\/about-me"]}]},{"@type":"ImageObject","inLanguage":"es","@id":"https:\/\/www.theartdigger.com\/es\/about-me#primaryimage","url":"https:\/\/www.theartdigger.com\/wp-content\/uploads\/2018\/11\/fotocarnet-150x150.jpg","contentUrl":"https:\/\/www.theartdigger.com\/wp-content\/uploads\/2018\/11\/fotocarnet-150x150.jpg"},{"@type":"WebSite","@id":"https:\/\/www.theartdigger.com\/es\/#website","url":"https:\/\/www.theartdigger.com\/es\/","name":"The Art Digger","description":"Sharing Good Art &amp; Knowledge","potentialAction":[{"@type":"SearchAction","target":{"@type":"EntryPoint","urlTemplate":"https:\/\/www.theartdigger.com\/es\/?s={search_term_string}"},"query-input":{"@type":"PropertyValueSpecification","valueRequired":true,"valueName":"search_term_string"}}],"inLanguage":"es"}]}},"_links":{"self":[{"href":"https:\/\/www.theartdigger.com\/es\/wp-json\/wp\/v2\/pages\/3162","targetHints":{"allow":["GET"]}}],"collection":[{"href":"https:\/\/www.theartdigger.com\/es\/wp-json\/wp\/v2\/pages"}],"about":[{"href":"https:\/\/www.theartdigger.com\/es\/wp-json\/wp\/v2\/types\/page"}],"author":[{"embeddable":true,"href":"https:\/\/www.theartdigger.com\/es\/wp-json\/wp\/v2\/users\/1"}],"replies":[{"embeddable":true,"href":"https:\/\/www.theartdigger.com\/es\/wp-json\/wp\/v2\/comments?post=3162"}],"version-history":[{"count":4,"href":"https:\/\/www.theartdigger.com\/es\/wp-json\/wp\/v2\/pages\/3162\/revisions"}],"predecessor-version":[{"id":4222,"href":"https:\/\/www.theartdigger.com\/es\/wp-json\/wp\/v2\/pages\/3162\/revisions\/4222"}],"wp:attachment":[{"href":"https:\/\/www.theartdigger.com\/es\/wp-json\/wp\/v2\/media?parent=3162"}],"curies":[{"name":"wp","href":"https:\/\/api.w.org\/{rel}","templated":true}]}}